{"id":4510,"date":"2023-05-24T10:37:12","date_gmt":"2023-05-24T08:37:12","guid":{"rendered":"http:\/\/www.testing.psonizgierz.pl\/?page_id=4510"},"modified":"2023-05-25T10:43:20","modified_gmt":"2023-05-25T08:43:20","slug":"2023-2","status":"publish","type":"page","link":"https:\/\/www.testing.psonizgierz.pl\/?page_id=4510","title":{"rendered":"2023"},"content":{"rendered":"\n<figure class=\"wp-block-image size-large is-resized\"><img loading=\"lazy\" decoding=\"async\" src=\"http:\/\/www.testing.psonizgierz.pl\/wp-content\/uploads\/2021\/03\/MRIPS_300X100.jpg\" alt=\"\" class=\"wp-image-3685\" width=\"434\" height=\"145\"\/><\/figure>\n\n\n\n<figure class=\"wp-block-image size-large\"><img loading=\"lazy\" decoding=\"async\" width=\"1024\" height=\"512\" src=\"http:\/\/www.testing.psonizgierz.pl\/wp-content\/uploads\/2021\/02\/logo_MRiPS_png-1024x512.png\" alt=\"\" class=\"wp-image-3635\" srcset=\"https:\/\/www.testing.psonizgierz.pl\/wp-content\/uploads\/2021\/02\/logo_MRiPS_png-1024x512.png 1024w, https:\/\/www.testing.psonizgierz.pl\/wp-content\/uploads\/2021\/02\/logo_MRiPS_png-300x150.png 300w, https:\/\/www.testing.psonizgierz.pl\/wp-content\/uploads\/2021\/02\/logo_MRiPS_png-768x384.png 768w, https:\/\/www.testing.psonizgierz.pl\/wp-content\/uploads\/2021\/02\/logo_MRiPS_png.png 1182w\" sizes=\"auto, (max-width: 1024px) 100vw, 1024px\" \/><\/figure>\n\n\n\n<h2 class=\"has-text-align-center has-medium-font-size wp-block-heading\"><strong>Asystent osobisty osoby z niepe\u0142nosprawno\u015bciami<\/strong><\/h2>\n\n\n\n<p>PSONI Ko\u0142o w Zgierzu realizuje zadania finansowane z \u015brodk\u00f3w Funduszu Solidarno\u015bciowego w ramach resortowego Programu Ministerstwa Rodziny, Pracy i Polityki Spo\u0142ecznej. \u201eAsystent osobisty osoby z niepe\u0142nosprawno\u015bciami\u201d \u2013 edycja 2023 <strong>Us\u0142uga asystencka obejmuje wsparcie dla os\u00f3b z niepe\u0142nosprawno\u015bciami <\/strong>w wykonywaniu podstawowych czynno\u015bci dnia codziennego niezb\u0119dnych do aktywnego funkcjonowania:<\/p>\n\n\n\n<p>a. spo\u0142ecznego (np. wsparcie w przemieszczaniu si\u0119 m.in. do lekarza, miejsc publicznych podczas sp\u0119dzania czasu wolnego, w tym: wsparcie podczas zaj\u0119\u0107 kulturalnych, sportowych i rekreacyjnych, dokonywania zakup\u00f3w, za\u0142atwiania spraw urz\u0119dowych<\/p>\n\n\n\n<p>b. zawodowego (np. wsparcie w przemieszczaniu si\u0119 do pracy, urz\u0119d\u00f3w pracy,<\/p>\n\n\n\n<p>c. edukacyjnego (np. wsparcie w przemieszczaniu si\u0119 do szk\u00f3\u0142 i plac\u00f3wek o\u015bwiatowych oraz na ich terenie, wsparcie podczas zaj\u0119\u0107 edukacyjnych i w procesie uczenia: gromadzenie materia\u0142\u00f3w, korzystanie z biblioteki.<\/p>\n\n\n\n<p>Grup\u0119 docelow\u0105 programu stanowi 25os\u00f3b z niepe\u0142nosprawno\u015bciami, w tym 21 doros\u0142ych os\u00f3b z niepe\u0142nosprawno\u015bci\u0105 intelektualn\u0105 oraz 4 dzieci do 16 roku \u017cycia z orzeczeniem o niepe\u0142nosprawno\u015bci z terenu \u0141odzi,&nbsp; Gminy Zgierz, Gminy Miasta Zgierz, Powiatu Zgierskiego, znajduj\u0105cych si\u0119 w wojew\u00f3dztwie \u0142\u00f3dzkim.<\/p>\n\n\n\n<figure class=\"wp-block-gallery has-nested-images columns-default is-cropped wp-block-gallery-1 is-layout-flex wp-block-gallery-is-layout-flex\">\n<figure class=\"wp-block-image size-large\"><img loading=\"lazy\" decoding=\"async\" width=\"724\" height=\"1024\" data-id=\"4526\" src=\"http:\/\/www.testing.psonizgierz.pl\/wp-content\/uploads\/2023\/05\/Plakat-Asystent-2023-3-724x1024.jpg\" alt=\"\" class=\"wp-image-4526\" srcset=\"https:\/\/www.testing.psonizgierz.pl\/wp-content\/uploads\/2023\/05\/Plakat-Asystent-2023-3-724x1024.jpg 724w, https:\/\/www.testing.psonizgierz.pl\/wp-content\/uploads\/2023\/05\/Plakat-Asystent-2023-3-212x300.jpg 212w, https:\/\/www.testing.psonizgierz.pl\/wp-content\/uploads\/2023\/05\/Plakat-Asystent-2023-3-768x1086.jpg 768w, https:\/\/www.testing.psonizgierz.pl\/wp-content\/uploads\/2023\/05\/Plakat-Asystent-2023-3-1086x1536.jpg 1086w, https:\/\/www.testing.psonizgierz.pl\/wp-content\/uploads\/2023\/05\/Plakat-Asystent-2023-3.jpg 1240w\" sizes=\"auto, (max-width: 724px) 100vw, 724px\" \/><\/figure>\n\n\n\n<figure class=\"wp-block-image size-large\"><img loading=\"lazy\" decoding=\"async\" width=\"722\" height=\"1024\" data-id=\"4527\" src=\"http:\/\/www.testing.psonizgierz.pl\/wp-content\/uploads\/2023\/05\/PLAKAT-WZ\u251coR-asystent3-20231024_1-3.jpg\" alt=\"\" class=\"wp-image-4527\" srcset=\"https:\/\/www.testing.psonizgierz.pl\/wp-content\/uploads\/2023\/05\/PLAKAT-WZ\u251coR-asystent3-20231024_1-3.jpg 722w, https:\/\/www.testing.psonizgierz.pl\/wp-content\/uploads\/2023\/05\/PLAKAT-WZ\u251coR-asystent3-20231024_1-3-212x300.jpg 212w\" sizes=\"auto, (max-width: 722px) 100vw, 722px\" \/><\/figure>\n<\/figure>\n\n\n\n<p><\/p>\n\n\n\n<p class=\"has-text-align-center has-medium-font-size\"><strong>\u201eOpieka wytchnieniowa dla cz\u0142onk\u00f3w rodzin lub opiekun\u00f3w <\/strong><\/p>\n\n\n\n<p class=\"has-text-align-center has-medium-font-size\"><strong>os\u00f3b z niepe\u0142nosprawno\u015bciami\u201d edycja 2023<\/strong><\/p>\n\n\n\n<p><\/p>\n\n\n\n<p><strong>Koordynator Projektu:<\/strong> Ma\u0142gorzata Potakowska<\/p>\n\n\n\n<h5 class=\"wp-block-heading\">Program finansowany ze \u015brodk\u00f3w Funduszu Solidarno\u015bciowego.<\/h5>\n\n\n\n<p>G\u0142\u00f3wnym celem Programu jest wsparcie cz\u0142onk\u00f3w rodzin lub opiekun\u00f3w sprawuj\u0105cych bezpo\u015bredni\u0105 opiek\u0119 nad dzie\u0107mi z orzeczon\u0105 niepe\u0142nosprawno\u015bci\u0105 oraz osobami ze znacznym stopniem niepe\u0142nosprawno\u015bci, kt\u00f3re wymagaj\u0105 intensywnego wsparcia. Opiekunowie mog\u0105 wymaga\u0107 wsparcia w postaci dora\u017anej, kr\u00f3tkotrwa\u0142ej przerwy w sprawowaniu opieki oraz podniesienia swoich umiej\u0119tno\u015bci i wiedzy w zakresie opieki na tym osobami.<\/p>\n\n\n\n<p>Us\u0142uga ta mo\u017ce tak\u017ce by\u0107 \u015bwiadczona dla os\u00f3b z niepe\u0142nosprawno\u015bciami (niewymagaj\u0105cych intensywnego wsparcia)w sytuacjach nag\u0142ej nieobecno\u015bci stale wspieraj\u0105cych ich cz\u0142onk\u00f3w rodziny, konieczno\u015bci planowej lub nag\u0142ej hospitalizacji opiekun\u00f3w, nag\u0142ych zdarze\u0144 losowych. Cz\u0142onkowie rodzin lub opiekunowie sprawuj\u0105cy opiek\u0119 nad dzie\u0107mi lub doros\u0142ymi osobami z niepe\u0142nosprawno\u015bciami wymagaj\u0105 wsparcia w postaci dora\u017anej, czasowej przerwy w sprawowaniu opieki oraz podniesienia swoich umiej\u0119tno\u015bci i wiedzy w zakresie wsparcia tych os\u00f3b. Program \u015bwiadczony jest w formie pobytu dziennego oraz w ramach pobytu ca\u0142odobowego.<\/p>\n\n\n\n<p>Projekt ma na celu:<\/p>\n\n\n\n<p>\u2013 czasowe odci\u0105\u017cenie od codziennych obowi\u0105zk\u00f3w \u0142\u0105cz\u0105cych si\u0119 ze sprawowaniem opieki, zapewnienie czasu na odpoczynek i regeneracj\u0119;<\/p>\n\n\n\n<p>\u2013 wzmocnienie osobistego potencja\u0142u oraz ograniczenie wp\u0142ywu obci\u0105\u017ce\u0144 psychofizycznych zwi\u0105zanych ze sprawowaniem opieki poprzez wsparcie psychologiczne lub terapeutyczne;<\/p>\n\n\n\n<p>\u2013 podniesienie poziomu kompetencji dotycz\u0105cych wsparcia osoby niepe\u0142nosprawnej poprzez nauk\u0119 technik wspomagania, piel\u0119gnacji, prowadzenia dzia\u0142a\u0144 rehabilitacyjnych w warunkach domowych oraz obj\u0119cie specjalistycznym poradnictwem w zakresie psychologicznych i spo\u0142ecznych aspekt\u00f3w wsparcia os\u00f3b z niepe\u0142nosprawno\u015bci\u0105, zagadnienia profilaktyki zdrowotnej i zdrowego stylu \u017cycia.<\/p>\n\n\n\n<figure class=\"wp-block-image size-large is-resized\"><img loading=\"lazy\" decoding=\"async\" src=\"http:\/\/www.testing.psonizgierz.pl\/wp-content\/uploads\/2023\/05\/PLAKAT-opieka-2023_page-0001-1-724x1024.jpg\" alt=\"\" class=\"wp-image-4528\" width=\"838\" height=\"1185\" srcset=\"https:\/\/www.testing.psonizgierz.pl\/wp-content\/uploads\/2023\/05\/PLAKAT-opieka-2023_page-0001-1-724x1024.jpg 724w, https:\/\/www.testing.psonizgierz.pl\/wp-content\/uploads\/2023\/05\/PLAKAT-opieka-2023_page-0001-1-212x300.jpg 212w, https:\/\/www.testing.psonizgierz.pl\/wp-content\/uploads\/2023\/05\/PLAKAT-opieka-2023_page-0001-1-768x1086.jpg 768w, https:\/\/www.testing.psonizgierz.pl\/wp-content\/uploads\/2023\/05\/PLAKAT-opieka-2023_page-0001-1-1086x1536.jpg 1086w, https:\/\/www.testing.psonizgierz.pl\/wp-content\/uploads\/2023\/05\/PLAKAT-opieka-2023_page-0001-1-1448x2048.jpg 1448w, https:\/\/www.testing.psonizgierz.pl\/wp-content\/uploads\/2023\/05\/PLAKAT-opieka-2023_page-0001-1.jpg 1755w\" sizes=\"auto, (max-width: 838px) 100vw, 838px\" \/><\/figure>\n","protected":false},"excerpt":{"rendered":"<p>Asystent osobisty osoby z niepe\u0142nosprawno\u015bciami PSONI Ko\u0142o w Zgierzu realizuje zadania finansowane z \u015brodk\u00f3w Funduszu Solidarno\u015bciowego w ramach resortowego Programu Ministerstwa Rodziny, Pracy i Polityki Spo\u0142ecznej. \u201eAsystent osobisty osoby z niepe\u0142nosprawno\u015bciami\u201d \u2013 edycja 2023 Us\u0142uga asystencka obejmuje wsparcie dla os\u00f3b z niepe\u0142nosprawno\u015bciami w wykonywaniu podstawowych czynno\u015bci dnia codziennego niezb\u0119dnych do aktywnego funkcjonowania: a. spo\u0142ecznego (np. [&hellip;]<\/p>\n","protected":false},"author":2,"featured_media":0,"parent":0,"menu_order":0,"comment_status":"closed","ping_status":"closed","template":"","meta":{"footnotes":""},"class_list":["post-4510","page","type-page","status-publish","hentry"],"_links":{"self":[{"href":"https:\/\/www.testing.psonizgierz.pl\/index.php?rest_route=\/wp\/v2\/pages\/4510","targetHints":{"allow":["GET"]}}],"collection":[{"href":"https:\/\/www.testing.psonizgierz.pl\/index.php?rest_route=\/wp\/v2\/pages"}],"about":[{"href":"https:\/\/www.testing.psonizgierz.pl\/index.php?rest_route=\/wp\/v2\/types\/page"}],"author":[{"embeddable":true,"href":"https:\/\/www.testing.psonizgierz.pl\/index.php?rest_route=\/wp\/v2\/users\/2"}],"replies":[{"embeddable":true,"href":"https:\/\/www.testing.psonizgierz.pl\/index.php?rest_route=%2Fwp%2Fv2%2Fcomments&post=4510"}],"version-history":[{"count":5,"href":"https:\/\/www.testing.psonizgierz.pl\/index.php?rest_route=\/wp\/v2\/pages\/4510\/revisions"}],"predecessor-version":[{"id":4539,"href":"https:\/\/www.testing.psonizgierz.pl\/index.php?rest_route=\/wp\/v2\/pages\/4510\/revisions\/4539"}],"wp:attachment":[{"href":"https:\/\/www.testing.psonizgierz.pl\/index.php?rest_route=%2Fwp%2Fv2%2Fmedia&parent=4510"}],"curies":[{"name":"wp","href":"https:\/\/api.w.org\/{rel}","templated":true}]}}